{"id":215,"date":"2021-06-18T02:03:59","date_gmt":"2021-06-18T02:03:59","guid":{"rendered":"https:\/\/marine.georgetown.cl\/?page_id=215"},"modified":"2021-06-25T17:48:52","modified_gmt":"2021-06-25T17:48:52","slug":"empresa","status":"publish","type":"page","link":"https:\/\/marine.georgetown.cl\/index.php\/empresa\/","title":{"rendered":"EMPRESA"},"content":{"rendered":"\t\t<div data-elementor-type=\"wp-page\" data-elementor-id=\"215\" class=\"elementor elementor-215\" data-elementor-settings=\"[]\">\n\t\t\t\t\t\t\t<div class=\"elementor-section-wrap\">\n\t\t\t\t\t\t\t<section class=\"elementor-section elementor-top-section elementor-element elementor-element-37aad42 elementor-section-boxed elementor-section-height-default elementor-section-height-default\" data-id=\"37aad42\" data-element_type=\"section\">\n\t\t\t\t\t\t<div class=\"elementor-container elementor-column-gap-default\">\n\t\t\t\t\t<div class=\"elementor-column elementor-col-100 elementor-top-column elementor-element elementor-element-9fb7e23\" data-id=\"9fb7e23\" data-element_type=\"column\">\n\t\t\t<div class=\"elementor-widget-wrap elementor-element-populated\">\n\t\t\t\t\t\t\t\t<div class=\"elementor-element elementor-element-5c7f4de elementor-invisible elementor-widget elementor-widget-heading\" data-id=\"5c7f4de\" data-element_type=\"widget\" data-settings=\"{&quot;_animation&quot;:&quot;fadeInLeft&quot;}\" data-widget_type=\"heading.default\">\n\t\t\t\t<div class=\"elementor-widget-container\">\n\t\t\t<h2 class=\"elementor-heading-title elementor-size-default\">EMPRESA<\/h2>\t\t<\/div>\n\t\t\t\t<\/div>\n\t\t\t\t<div class=\"elementor-element elementor-element-6d2a547 elementor-widget-divider--view-line elementor-widget elementor-widget-divider\" data-id=\"6d2a547\" data-element_type=\"widget\" data-widget_type=\"divider.default\">\n\t\t\t\t<div class=\"elementor-widget-container\">\n\t\t\t\t\t<div class=\"elementor-divider\">\n\t\t\t<span class=\"elementor-divider-separator\">\n\t\t\t\t\t\t<\/span>\n\t\t<\/div>\n\t\t\t\t<\/div>\n\t\t\t\t<\/div>\n\t\t\t\t<div class=\"elementor-element elementor-element-ddc76be elementor-widget elementor-widget-heading\" data-id=\"ddc76be\" data-element_type=\"widget\" data-widget_type=\"heading.default\">\n\t\t\t\t<div class=\"elementor-widget-container\">\n\t\t\t<h4 class=\"elementor-heading-title elementor-size-default\">QUIENES SOMOS<\/h4>\t\t<\/div>\n\t\t\t\t<\/div>\n\t\t\t\t<section class=\"elementor-section elementor-inner-section elementor-element elementor-element-8d2b158 elementor-section-boxed elementor-section-height-default elementor-section-height-default\" data-id=\"8d2b158\" data-element_type=\"section\">\n\t\t\t\t\t\t<div class=\"elementor-container elementor-column-gap-wide\">\n\t\t\t\t\t<div class=\"elementor-column elementor-col-33 elementor-inner-column elementor-element elementor-element-bca6f08\" data-id=\"bca6f08\" data-element_type=\"column\">\n\t\t\t<div class=\"elementor-widget-wrap elementor-element-populated\">\n\t\t\t\t\t\t\t\t<div class=\"elementor-element elementor-element-d75e1ae elementor-widget elementor-widget-image\" data-id=\"d75e1ae\" data-element_type=\"widget\" data-widget_type=\"image.default\">\n\t\t\t\t<div class=\"elementor-widget-container\">\n\t\t\t\t\t\t\t\t\t\t\t\t\t\t\t<img loading=\"lazy\" decoding=\"async\" width=\"300\" height=\"232\" src=\"https:\/\/marine.georgetown.cl\/wp-content\/uploads\/2021\/06\/MARCA-George-Town-300x232.png\" class=\"attachment-medium size-medium\" alt=\"\" srcset=\"https:\/\/marine.georgetown.cl\/wp-content\/uploads\/2021\/06\/MARCA-George-Town-300x232.png 300w, https:\/\/marine.georgetown.cl\/wp-content\/uploads\/2021\/06\/MARCA-George-Town-768x593.png 768w, https:\/\/marine.georgetown.cl\/wp-content\/uploads\/2021\/06\/MARCA-George-Town-230x178.png 230w, https:\/\/marine.georgetown.cl\/wp-content\/uploads\/2021\/06\/MARCA-George-Town-350x270.png 350w, https:\/\/marine.georgetown.cl\/wp-content\/uploads\/2021\/06\/MARCA-George-Town-480x371.png 480w, https:\/\/marine.georgetown.cl\/wp-content\/uploads\/2021\/06\/MARCA-George-Town.png 800w\" sizes=\"auto, (max-width: 300px) 100vw, 300px\" \/>\t\t\t\t\t\t\t\t\t\t\t\t\t\t\t<\/div>\n\t\t\t\t<\/div>\n\t\t\t\t\t<\/div>\n\t\t<\/div>\n\t\t\t\t<div class=\"elementor-column elementor-col-33 elementor-inner-column elementor-element elementor-element-4937d75\" data-id=\"4937d75\" data-element_type=\"column\">\n\t\t\t<div class=\"elementor-widget-wrap elementor-element-populated\">\n\t\t\t\t\t\t\t\t<div class=\"elementor-element elementor-element-eb27414 elementor-widget elementor-widget-text-editor\" data-id=\"eb27414\" data-element_type=\"widget\" data-widget_type=\"text-editor.default\">\n\t\t\t\t<div class=\"elementor-widget-container\">\n\t\t\t\t\t\t\t\tSomos una empresa proveedora de equipos, materiales y repuestos mar\u00edtimos.\n<br>\nContamos con una sucursal en Estados Unidos, lo que nos permite importar a un mejor precio y con un mejor plazo de entrega, disminuyendo los tiempos de inoperatividad de los distintos equipos o naves.\n\n&nbsp;\t\t\t\t\t\t<\/div>\n\t\t\t\t<\/div>\n\t\t\t\t\t<\/div>\n\t\t<\/div>\n\t\t\t\t<div class=\"elementor-column elementor-col-33 elementor-inner-column elementor-element elementor-element-357e796\" data-id=\"357e796\" data-element_type=\"column\">\n\t\t\t<div class=\"elementor-widget-wrap elementor-element-populated\">\n\t\t\t\t\t\t\t\t<div class=\"elementor-element elementor-element-9853c5a elementor-widget elementor-widget-text-editor\" data-id=\"9853c5a\" data-element_type=\"widget\" data-widget_type=\"text-editor.default\">\n\t\t\t\t<div class=\"elementor-widget-container\">\n\t\t\t\t\t\t\t\tNuestro equipo tiene una gran experiencia en ingenier\u00eda naval, as\u00ed como tambi\u00e9n en comercio internacional y log\u00edstica.\n\t\t\t\t\t\t<\/div>\n\t\t\t\t<\/div>\n\t\t\t\t\t<\/div>\n\t\t<\/div>\n\t\t\t\t\t\t\t<\/div>\n\t\t<\/section>\n\t\t\t\t<div class=\"elementor-element elementor-element-10d62c9 elementor-widget-divider--view-line elementor-widget elementor-widget-divider\" data-id=\"10d62c9\" data-element_type=\"widget\" data-widget_type=\"divider.default\">\n\t\t\t\t<div class=\"elementor-widget-container\">\n\t\t\t\t\t<div class=\"elementor-divider\">\n\t\t\t<span class=\"elementor-divider-separator\">\n\t\t\t\t\t\t<\/span>\n\t\t<\/div>\n\t\t\t\t<\/div>\n\t\t\t\t<\/div>\n\t\t\t\t<div class=\"elementor-element elementor-element-bfd56e1 elementor-widget elementor-widget-heading\" data-id=\"bfd56e1\" data-element_type=\"widget\" data-widget_type=\"heading.default\">\n\t\t\t\t<div class=\"elementor-widget-container\">\n\t\t\t<h4 class=\"elementor-heading-title elementor-size-default\">NUESTROS CLIENTES<\/h4>\t\t<\/div>\n\t\t\t\t<\/div>\n\t\t\t\t<section class=\"elementor-section elementor-inner-section elementor-element elementor-element-168b7f0 elementor-section-boxed elementor-section-height-default elementor-section-height-default\" data-id=\"168b7f0\" data-element_type=\"section\">\n\t\t\t\t\t\t<div class=\"elementor-container elementor-column-gap-default\">\n\t\t\t\t\t<div class=\"elementor-column elementor-col-50 elementor-inner-column elementor-element elementor-element-256b63f\" data-id=\"256b63f\" data-element_type=\"column\">\n\t\t\t<div class=\"elementor-widget-wrap elementor-element-populated\">\n\t\t\t\t\t\t\t\t<div class=\"elementor-element elementor-element-199f6ca elementor-widget elementor-widget-image\" data-id=\"199f6ca\" data-element_type=\"widget\" data-widget_type=\"image.default\">\n\t\t\t\t<div class=\"elementor-widget-container\">\n\t\t\t\t\t\t\t\t\t\t\t\t\t\t\t\t<a href=\"https:\/\/www.asmar.cl\" target=\"_blank\">\n\t\t\t\t\t\t\t<img loading=\"lazy\" decoding=\"async\" width=\"600\" height=\"300\" src=\"https:\/\/marine.georgetown.cl\/wp-content\/uploads\/2021\/06\/asmar1.jpg\" class=\"attachment-large size-large\" alt=\"\" srcset=\"https:\/\/marine.georgetown.cl\/wp-content\/uploads\/2021\/06\/asmar1.jpg 600w, https:\/\/marine.georgetown.cl\/wp-content\/uploads\/2021\/06\/asmar1-300x150.jpg 300w, https:\/\/marine.georgetown.cl\/wp-content\/uploads\/2021\/06\/asmar1-230x115.jpg 230w, https:\/\/marine.georgetown.cl\/wp-content\/uploads\/2021\/06\/asmar1-350x175.jpg 350w, https:\/\/marine.georgetown.cl\/wp-content\/uploads\/2021\/06\/asmar1-480x240.jpg 480w\" sizes=\"auto, (max-width: 600px) 100vw, 600px\" \/>\t\t\t\t\t\t\t\t<\/a>\n\t\t\t\t\t\t\t\t\t\t\t\t\t\t\t<\/div>\n\t\t\t\t<\/div>\n\t\t\t\t\t<\/div>\n\t\t<\/div>\n\t\t\t\t<div class=\"elementor-column elementor-col-50 elementor-inner-column elementor-element elementor-element-3a7f864\" data-id=\"3a7f864\" data-element_type=\"column\">\n\t\t\t<div class=\"elementor-widget-wrap elementor-element-populated\">\n\t\t\t\t\t\t\t\t<div class=\"elementor-element elementor-element-4525330 elementor-widget elementor-widget-image\" data-id=\"4525330\" data-element_type=\"widget\" data-widget_type=\"image.default\">\n\t\t\t\t<div class=\"elementor-widget-container\">\n\t\t\t\t\t\t\t\t\t\t\t\t\t\t\t\t<a href=\"https:\/\/www.armada.cl\/\" target=\"_blank\">\n\t\t\t\t\t\t\t<img loading=\"lazy\" decoding=\"async\" width=\"600\" height=\"300\" src=\"https:\/\/marine.georgetown.cl\/wp-content\/uploads\/2021\/06\/armada1.jpg\" class=\"attachment-large size-large\" alt=\"\" srcset=\"https:\/\/marine.georgetown.cl\/wp-content\/uploads\/2021\/06\/armada1.jpg 600w, https:\/\/marine.georgetown.cl\/wp-content\/uploads\/2021\/06\/armada1-300x150.jpg 300w, https:\/\/marine.georgetown.cl\/wp-content\/uploads\/2021\/06\/armada1-230x115.jpg 230w, https:\/\/marine.georgetown.cl\/wp-content\/uploads\/2021\/06\/armada1-350x175.jpg 350w, https:\/\/marine.georgetown.cl\/wp-content\/uploads\/2021\/06\/armada1-480x240.jpg 480w\" sizes=\"auto, (max-width: 600px) 100vw, 600px\" \/>\t\t\t\t\t\t\t\t<\/a>\n\t\t\t\t\t\t\t\t\t\t\t\t\t\t\t<\/div>\n\t\t\t\t<\/div>\n\t\t\t\t\t<\/div>\n\t\t<\/div>\n\t\t\t\t\t\t\t<\/div>\n\t\t<\/section>\n\t\t\t\t<div class=\"elementor-element elementor-element-2e41915 elementor-widget elementor-widget-spacer\" data-id=\"2e41915\" data-element_type=\"widget\" data-widget_type=\"spacer.default\">\n\t\t\t\t<div class=\"elementor-widget-container\">\n\t\t\t\t\t<div class=\"elementor-spacer\">\n\t\t\t<div class=\"elementor-spacer-inner\"><\/div>\n\t\t<\/div>\n\t\t\t\t<\/div>\n\t\t\t\t<\/div>\n\t\t\t\t<div class=\"elementor-element elementor-element-4537e49 elementor-widget-divider--view-line_icon elementor-view-default elementor-widget-divider--element-align-center elementor-widget elementor-widget-divider\" data-id=\"4537e49\" data-element_type=\"widget\" data-widget_type=\"divider.default\">\n\t\t\t\t<div class=\"elementor-widget-container\">\n\t\t\t\t\t<div class=\"elementor-divider\">\n\t\t\t<span class=\"elementor-divider-separator\">\n\t\t\t\t\t\t\t<div class=\"elementor-icon elementor-divider__element\">\n\t\t\t\t\t<i aria-hidden=\"true\" class=\"fas fa-anchor\"><\/i><\/div>\n\t\t\t\t\t\t<\/span>\n\t\t<\/div>\n\t\t\t\t<\/div>\n\t\t\t\t<\/div>\n\t\t\t\t\t<\/div>\n\t\t<\/div>\n\t\t\t\t\t\t\t<\/div>\n\t\t<\/section>\n\t\t\t\t\t\t<\/div>\n\t\t\t\t\t<\/div>\n\t\t","protected":false},"excerpt":{"rendered":"<p>EMPRESA QUIENES SOMOS Somos una empresa proveedora de equipos, materiales y repuestos mar\u00edtimos. Contamos con una sucursal en Estados Unidos, lo que nos permite importar a un mejor precio y con un mejor plazo de entrega, disminuyendo los tiempos de inoperatividad de los distintos equipos o naves. &nbsp;Nuestro equipo tiene una gran experiencia en ingenier\u00eda [&hellip;]<\/p>\n","protected":false},"author":1,"featured_media":0,"parent":0,"menu_order":0,"comment_status":"closed","ping_status":"closed","template":"page-templates\/page_fullwidth.php","meta":{"footnotes":""},"class_list":["post-215","page","type-page","status-publish","hentry"],"_links":{"self":[{"href":"https:\/\/marine.georgetown.cl\/index.php\/wp-json\/wp\/v2\/pages\/215","targetHints":{"allow":["GET"]}}],"collection":[{"href":"https:\/\/marine.georgetown.cl\/index.php\/wp-json\/wp\/v2\/pages"}],"about":[{"href":"https:\/\/marine.georgetown.cl\/index.php\/wp-json\/wp\/v2\/types\/page"}],"author":[{"embeddable":true,"href":"https:\/\/marine.georgetown.cl\/index.php\/wp-json\/wp\/v2\/users\/1"}],"replies":[{"embeddable":true,"href":"https:\/\/marine.georgetown.cl\/index.php\/wp-json\/wp\/v2\/comments?post=215"}],"version-history":[{"count":62,"href":"https:\/\/marine.georgetown.cl\/index.php\/wp-json\/wp\/v2\/pages\/215\/revisions"}],"predecessor-version":[{"id":641,"href":"https:\/\/marine.georgetown.cl\/index.php\/wp-json\/wp\/v2\/pages\/215\/revisions\/641"}],"wp:attachment":[{"href":"https:\/\/marine.georgetown.cl\/index.php\/wp-json\/wp\/v2\/media?parent=215"}],"curies":[{"name":"wp","href":"https:\/\/api.w.org\/{rel}","templated":true}]}}